{"id":77,"date":"2022-01-18T09:26:08","date_gmt":"2022-01-18T08:26:08","guid":{"rendered":"https:\/\/augusta.pro\/nature\/?page_id=77"},"modified":"2022-02-06T16:59:18","modified_gmt":"2022-02-06T15:59:18","slug":"notre-bilan-carbonne","status":"publish","type":"page","link":"https:\/\/augusta.pro\/nature\/notre-bilan-carbonne\/","title":{"rendered":"Notre Bilan Carbonne"},"content":{"rendered":"\t\t<div data-elementor-type=\"wp-page\" data-elementor-id=\"77\" class=\"elementor elementor-77\" data-elementor-post-type=\"page\">\n\t\t\t\t\t\t\t\t\t<section class=\"elementor-section elementor-top-section elementor-element elementor-element-25548df elementor-section-boxed elementor-section-height-default elementor-section-height-default\" data-id=\"25548df\" data-element_type=\"section\" data-settings=\"{&quot;background_background&quot;:&quot;classic&quot;}\">\n\t\t\t\t\t\t<div class=\"elementor-container elementor-column-gap-default\">\n\t\t\t\t\t<div class=\"elementor-column elementor-col-50 elementor-top-column elementor-element elementor-element-d42d2ab\" data-id=\"d42d2ab\" data-element_type=\"column\">\n\t\t\t<div class=\"elementor-widget-wrap elementor-element-populated\">\n\t\t\t\t\t\t\t\t<div class=\"elementor-element elementor-element-ad02921 elementor-widget elementor-widget-heading\" data-id=\"ad02921\" data-element_type=\"widget\" data-widget_type=\"heading.default\">\n\t\t\t\t<div class=\"elementor-widget-container\">\n\t\t\t<style>\/*! elementor - v3.14.0 - 26-06-2023 *\/\n.elementor-heading-title{padding:0;margin:0;line-height:1}.elementor-widget-heading .elementor-heading-title[class*=elementor-size-]>a{color:inherit;font-size:inherit;line-height:inherit}.elementor-widget-heading .elementor-heading-title.elementor-size-small{font-size:15px}.elementor-widget-heading .elementor-heading-title.elementor-size-medium{font-size:19px}.elementor-widget-heading .elementor-heading-title.elementor-size-large{font-size:29px}.elementor-widget-heading .elementor-heading-title.elementor-size-xl{font-size:39px}.elementor-widget-heading .elementor-heading-title.elementor-size-xxl{font-size:59px}<\/style><h2 class=\"elementor-heading-title elementor-size-default\">NOTRE BILAN CARBONE<\/h2>\t\t<\/div>\n\t\t\t\t<\/div>\n\t\t\t\t\t<\/div>\n\t\t<\/div>\n\t\t\t\t<div class=\"elementor-column elementor-col-50 elementor-top-column elementor-element elementor-element-19b707d\" data-id=\"19b707d\" data-element_type=\"column\">\n\t\t\t<div class=\"elementor-widget-wrap\">\n\t\t\t\t\t\t\t\t\t<\/div>\n\t\t<\/div>\n\t\t\t\t\t\t\t<\/div>\n\t\t<\/section>\n\t\t\t\t<section class=\"elementor-section elementor-top-section elementor-element elementor-element-aef4ca4 elementor-section-boxed elementor-section-height-default elementor-section-height-default\" data-id=\"aef4ca4\" data-element_type=\"section\">\n\t\t\t\t\t\t<div class=\"elementor-container elementor-column-gap-default\">\n\t\t\t\t\t<div class=\"elementor-column elementor-col-100 elementor-top-column elementor-element elementor-element-3e6d360\" data-id=\"3e6d360\" data-element_type=\"column\">\n\t\t\t<div class=\"elementor-widget-wrap elementor-element-populated\">\n\t\t\t\t\t\t\t\t<div class=\"elementor-element elementor-element-b0bf593 elementor-widget elementor-widget-heading\" data-id=\"b0bf593\" data-element_type=\"widget\" data-widget_type=\"heading.default\">\n\t\t\t\t<div class=\"elementor-widget-container\">\n\t\t\t<h2 class=\"elementor-heading-title elementor-size-default\">NOTRE <span style=\"color:#59890E;\">OBJECTIF<\/span><\/h2>\t\t<\/div>\n\t\t\t\t<\/div>\n\t\t\t\t<div class=\"elementor-element elementor-element-38b3922 elementor-widget elementor-widget-text-editor\" data-id=\"38b3922\" data-element_type=\"widget\" data-widget_type=\"text-editor.default\">\n\t\t\t\t<div class=\"elementor-widget-container\">\n\t\t\t<style>\/*! elementor - v3.14.0 - 26-06-2023 *\/\n.elementor-widget-text-editor.elementor-drop-cap-view-stacked .elementor-drop-cap{background-color:#69727d;color:#fff}.elementor-widget-text-editor.elementor-drop-cap-view-framed .elementor-drop-cap{color:#69727d;border:3px solid;background-color:transparent}.elementor-widget-text-editor:not(.elementor-drop-cap-view-default) .elementor-drop-cap{margin-top:8px}.elementor-widget-text-editor:not(.elementor-drop-cap-view-default) .elementor-drop-cap-letter{width:1em;height:1em}.elementor-widget-text-editor .elementor-drop-cap{float:left;text-align:center;line-height:1;font-size:50px}.elementor-widget-text-editor .elementor-drop-cap-letter{display:inline-block}<\/style>\t\t\t\t<p>L\u2019entreprise est soucieuse d\u2019anticiper les contraintes climatiques et souhaite \u00e9laborer une\u00a0<strong>strat\u00e9gie bas-carbone.\u00a0<\/strong><\/p>\t\t\t\t\t\t<\/div>\n\t\t\t\t<\/div>\n\t\t\t\t\t<\/div>\n\t\t<\/div>\n\t\t\t\t\t\t\t<\/div>\n\t\t<\/section>\n\t\t\t\t<section class=\"elementor-section elementor-top-section elementor-element elementor-element-19437ba elementor-section-boxed elementor-section-height-default elementor-section-height-default\" data-id=\"19437ba\" data-element_type=\"section\">\n\t\t\t\t\t\t<div class=\"elementor-container elementor-column-gap-default\">\n\t\t\t\t\t<div class=\"elementor-column elementor-col-50 elementor-top-column elementor-element elementor-element-3a033a7\" data-id=\"3a033a7\" data-element_type=\"column\">\n\t\t\t<div class=\"elementor-widget-wrap elementor-element-populated\">\n\t\t\t\t\t\t\t\t<div class=\"elementor-element elementor-element-40ac8d5 elementor-widget elementor-widget-heading\" data-id=\"40ac8d5\" data-element_type=\"widget\" data-widget_type=\"heading.default\">\n\t\t\t\t<div class=\"elementor-widget-container\">\n\t\t\t<h2 class=\"elementor-heading-title elementor-size-default\">NOTRE <span style=\"color:#59890E;\">OBJECTIF<\/span><\/h2>\t\t<\/div>\n\t\t\t\t<\/div>\n\t\t\t\t<div class=\"elementor-element elementor-element-9d66d3a elementor-widget elementor-widget-text-editor\" data-id=\"9d66d3a\" data-element_type=\"widget\" data-widget_type=\"text-editor.default\">\n\t\t\t\t<div class=\"elementor-widget-container\">\n\t\t\t\t\t\t\t<p>L\u2019entreprise est soucieuse d\u2019anticiper les contraintes climatiques et souhaite \u00e9laborer une\u00a0<strong>strat\u00e9gie bas-carbone.\u00a0<\/strong><\/p>\t\t\t\t\t\t<\/div>\n\t\t\t\t<\/div>\n\t\t\t\t<div class=\"elementor-element elementor-element-c57b9fc elementor-widget elementor-widget-text-editor\" data-id=\"c57b9fc\" data-element_type=\"widget\" data-widget_type=\"text-editor.default\">\n\t\t\t\t<div class=\"elementor-widget-container\">\n\t\t\t\t\t\t\t<p><strong>De ce fait, les objectifs sont :<\/strong><br><\/p>\n<ul>\n<li>De r\u00e9duire l&rsquo;impact interne de l&rsquo;entreprise<\/li>\n<li>De participer \u00e0 des projets de contribution<\/li>\n<li>D&rsquo;accompagner les projets clients vers une dimensions bas-carbone\n<\/li>\n<\/ul>\n<p><strong>\u00c0<\/strong><strong> partir de cette demande, la strat\u00e9gie suivante a \u00e9t\u00e9 adopt\u00e9e :<\/strong><\/p>\n<ul>\n<li>De r\u00e9aliser un bilan carbone des diff\u00e9rentes activit\u00e9s du groupe AUGUSTA.<\/li>\n<li>D&rsquo;\u00e9tablir un plan d&rsquo;action D&rsquo;\u00e9tablir un plan de mobilit\u00e9<\/li>\n<li>D&rsquo;effectuer une \u00e9tude agronomique d\u00e9finissant les possibilit\u00e9s de s\u00e9questration<\/li>\n<li>De suivre une formation Karbon Ethic<\/li>\n<\/ul>\t\t\t\t\t\t<\/div>\n\t\t\t\t<\/div>\n\t\t\t\t\t<\/div>\n\t\t<\/div>\n\t\t\t\t<div class=\"elementor-column elementor-col-50 elementor-top-column elementor-element elementor-element-df4dddf\" data-id=\"df4dddf\" data-element_type=\"column\">\n\t\t\t<div class=\"elementor-widget-wrap elementor-element-populated\">\n\t\t\t\t\t\t\t\t<div class=\"elementor-element elementor-element-7486a70 elementor-widget elementor-widget-image\" data-id=\"7486a70\" data-element_type=\"widget\" data-widget_type=\"image.default\">\n\t\t\t\t<div class=\"elementor-widget-container\">\n\t\t\t<style>\/*! elementor - v3.14.0 - 26-06-2023 *\/\n.elementor-widget-image{text-align:center}.elementor-widget-image a{display:inline-block}.elementor-widget-image a img[src$=\".svg\"]{width:48px}.elementor-widget-image img{vertical-align:middle;display:inline-block}<\/style>\t\t\t\t\t\t\t\t\t\t\t\t<img loading=\"lazy\" decoding=\"async\" width=\"475\" height=\"428\" src=\"https:\/\/augusta.pro\/nature\/wp-content\/uploads\/2022\/01\/iStock-1344923073.png\" class=\"attachment-large size-large wp-image-408\" alt=\"\" srcset=\"https:\/\/augusta.pro\/nature\/wp-content\/uploads\/2022\/01\/iStock-1344923073.png 475w, https:\/\/augusta.pro\/nature\/wp-content\/uploads\/2022\/01\/iStock-1344923073-300x270.png 300w\" sizes=\"(max-width: 475px) 100vw, 475px\" \/>\t\t\t\t\t\t\t\t\t\t\t\t\t\t\t<\/div>\n\t\t\t\t<\/div>\n\t\t\t\t\t<\/div>\n\t\t<\/div>\n\t\t\t\t\t\t\t<\/div>\n\t\t<\/section>\n\t\t\t\t<section class=\"elementor-section elementor-top-section elementor-element elementor-element-e454a20 elementor-section-boxed elementor-section-height-default elementor-section-height-default\" data-id=\"e454a20\" data-element_type=\"section\">\n\t\t\t\t\t\t<div class=\"elementor-container elementor-column-gap-default\">\n\t\t\t\t\t<div class=\"elementor-column elementor-col-100 elementor-top-column elementor-element elementor-element-874b5f7\" data-id=\"874b5f7\" data-element_type=\"column\" data-settings=\"{&quot;background_background&quot;:&quot;classic&quot;}\">\n\t\t\t<div class=\"elementor-widget-wrap elementor-element-populated\">\n\t\t\t\t\t\t\t\t<div class=\"elementor-element elementor-element-81dd889 elementor-widget elementor-widget-text-editor\" data-id=\"81dd889\" data-element_type=\"widget\" data-widget_type=\"text-editor.default\">\n\t\t\t\t<div class=\"elementor-widget-container\">\n\t\t\t\t\t\t\tLe Bilan carbone de notre exploitation <b style=\"color:#59890E;\" >AUGUSTA Nature<\/b> est en cours, int\u00e9grant des estimations de s\u00e9questrations, avec le concours d&rsquo;<strong>AGRODOC<\/strong>, de l&rsquo;<strong>ADEME<\/strong> et de <strong>KARBON ETHIK.<\/strong>\nCes informations seront disponibles tr\u00e8s prochainement et permettront d&rsquo;adapter notre strat\u00e9gie.\t\t\t\t\t\t<\/div>\n\t\t\t\t<\/div>\n\t\t\t\t\t<\/div>\n\t\t<\/div>\n\t\t\t\t\t\t\t<\/div>\n\t\t<\/section>\n\t\t\t\t\t\t\t<\/div>\n\t\t","protected":false},"excerpt":{"rendered":"<p>NOTRE BILAN CARBONE NOTRE OBJECTIF L\u2019entreprise est soucieuse d\u2019anticiper les contraintes climatiques et souhaite \u00e9laborer une\u00a0strat\u00e9gie bas-carbone.\u00a0 NOTRE OBJECTIF L\u2019entreprise est soucieuse d\u2019anticiper les contraintes climatiques et souhaite \u00e9laborer une\u00a0strat\u00e9gie bas-carbone.\u00a0 De ce fait, les objectifs sont : De r\u00e9duire l&rsquo;impact interne de l&rsquo;entreprise De participer \u00e0 des projets de contribution D&rsquo;accompagner les projets clients [&hellip;]<\/p>\n","protected":false},"author":1,"featured_media":0,"parent":0,"menu_order":0,"comment_status":"closed","ping_status":"closed","template":"","meta":{"inline_featured_image":false,"footnotes":""},"acf":[],"_links":{"self":[{"href":"https:\/\/augusta.pro\/nature\/wp-json\/wp\/v2\/pages\/77"}],"collection":[{"href":"https:\/\/augusta.pro\/nature\/wp-json\/wp\/v2\/pages"}],"about":[{"href":"https:\/\/augusta.pro\/nature\/wp-json\/wp\/v2\/types\/page"}],"author":[{"embeddable":true,"href":"https:\/\/augusta.pro\/nature\/wp-json\/wp\/v2\/users\/1"}],"replies":[{"embeddable":true,"href":"https:\/\/augusta.pro\/nature\/wp-json\/wp\/v2\/comments?post=77"}],"version-history":[{"count":55,"href":"https:\/\/augusta.pro\/nature\/wp-json\/wp\/v2\/pages\/77\/revisions"}],"predecessor-version":[{"id":1532,"href":"https:\/\/augusta.pro\/nature\/wp-json\/wp\/v2\/pages\/77\/revisions\/1532"}],"wp:attachment":[{"href":"https:\/\/augusta.pro\/nature\/wp-json\/wp\/v2\/media?parent=77"}],"curies":[{"name":"wp","href":"https:\/\/api.w.org\/{rel}","templated":true}]}}