{"id":952,"date":"2022-02-03T16:24:10","date_gmt":"2022-02-03T15:24:10","guid":{"rendered":"https:\/\/augusta.pro\/nature\/?page_id=952"},"modified":"2022-02-03T16:35:37","modified_gmt":"2022-02-03T15:35:37","slug":"mentions-legales","status":"publish","type":"page","link":"https:\/\/augusta.pro\/nature\/mentions-legales\/","title":{"rendered":"Mentions l\u00e9gales"},"content":{"rendered":"\t\t<div data-elementor-type=\"wp-page\" data-elementor-id=\"952\" class=\"elementor elementor-952\" data-elementor-post-type=\"page\">\n\t\t\t\t\t\t\t\t\t<section class=\"elementor-section elementor-top-section elementor-element elementor-element-1a089fa4 elementor-section-boxed elementor-section-height-default elementor-section-height-default\" data-id=\"1a089fa4\" data-element_type=\"section\">\n\t\t\t\t\t\t<div class=\"elementor-container elementor-column-gap-default\">\n\t\t\t\t\t<div class=\"elementor-column elementor-col-100 elementor-top-column elementor-element elementor-element-5cd1a5b3\" data-id=\"5cd1a5b3\" data-element_type=\"column\">\n\t\t\t<div class=\"elementor-widget-wrap elementor-element-populated\">\n\t\t\t\t\t\t\t\t<div class=\"elementor-element elementor-element-1cc09c7 elementor-widget elementor-widget-heading\" data-id=\"1cc09c7\" data-element_type=\"widget\" data-widget_type=\"heading.default\">\n\t\t\t\t<div class=\"elementor-widget-container\">\n\t\t\t<style>\/*! elementor - v3.14.0 - 26-06-2023 *\/\n.elementor-heading-title{padding:0;margin:0;line-height:1}.elementor-widget-heading .elementor-heading-title[class*=elementor-size-]>a{color:inherit;font-size:inherit;line-height:inherit}.elementor-widget-heading .elementor-heading-title.elementor-size-small{font-size:15px}.elementor-widget-heading .elementor-heading-title.elementor-size-medium{font-size:19px}.elementor-widget-heading .elementor-heading-title.elementor-size-large{font-size:29px}.elementor-widget-heading .elementor-heading-title.elementor-size-xl{font-size:39px}.elementor-widget-heading .elementor-heading-title.elementor-size-xxl{font-size:59px}<\/style><h2 class=\"elementor-heading-title elementor-size-default\">Mentions l\u00e9gales <\/h2>\t\t<\/div>\n\t\t\t\t<\/div>\n\t\t\t\t<div class=\"elementor-element elementor-element-39d996ed elementor-widget elementor-widget-text-editor\" data-id=\"39d996ed\" data-element_type=\"widget\" data-widget_type=\"text-editor.default\">\n\t\t\t\t<div class=\"elementor-widget-container\">\n\t\t\t<style>\/*! elementor - v3.14.0 - 26-06-2023 *\/\n.elementor-widget-text-editor.elementor-drop-cap-view-stacked .elementor-drop-cap{background-color:#69727d;color:#fff}.elementor-widget-text-editor.elementor-drop-cap-view-framed .elementor-drop-cap{color:#69727d;border:3px solid;background-color:transparent}.elementor-widget-text-editor:not(.elementor-drop-cap-view-default) .elementor-drop-cap{margin-top:8px}.elementor-widget-text-editor:not(.elementor-drop-cap-view-default) .elementor-drop-cap-letter{width:1em;height:1em}.elementor-widget-text-editor .elementor-drop-cap{float:left;text-align:center;line-height:1;font-size:50px}.elementor-widget-text-editor .elementor-drop-cap-letter{display:inline-block}<\/style>\t\t\t\t<p>Conform\u00e9ment aux dispositions des articles 6-III et 19 de la Loi n\u00b0 2004-575 du 21 juin 2004 pour la Confiance dans l\u2019\u00e9conomie num\u00e9rique, dite L.C.E.N., nous portons \u00e0 la connaissance des utilisateurs et visiteurs du site:\u00a0<a style=\"color: #59890e;\" href=\"https:\/\/augusta.pro\/\">https:\/\/augusta.pro\/<\/a> les informations suivantes :<\/p><p><b>INFORMATIONS L\u00c9GALES :<br \/><\/b><\/p><p><b>Propri\u00e9taire :<\/b> Augusta Ing\u00e9nierie (SAS)<br \/>3 rte d\u2019Astaffort 47130 LAMONTJOIE<br \/><b>Mail : <\/b><span style=\"color: #59890e;\">secretariat@augusta.pro<\/span><br \/><b>T\u00e9l. :<\/b> +33 (0)6 37 89 32 74<\/p><p><b>Capital social :<\/b> 5000\u20ac<br \/><b>SIRET :<\/b> 79077073900015<br \/>TVA intracommunautaire : FR 10 790770739<br \/><b>RCS : <\/b>790 770 739 00015 RCS Agen<\/p><p><b>Cr\u00e9ation :<\/b><a href=\"http:\/\/comsud.fr\"><span style=\"color: #59890e;\"> Com\u2019Sud<\/span><\/a> Alphagro \u2013 BP 211 \u2013 47931 AGEN Cedex 9<br \/><b>Mail :<\/b> <span style=\"color: #59890e;\">comsud@com-sud.com<\/span><br \/><b>T\u00e9l. :<\/b> +33 (0)5 53 77 20 38<\/p><p><b>Directeur de la publication :<\/b> Augusta Ing\u00e9nierie<br \/><b>Mail : <\/b><span style=\"color: #59890e;\">secretariat@augusta.pro<\/span><\/p><p><b>H\u00e9bergeur :<\/b> OVH<br \/>2 rue Kellermann \u2013 59100 Roubaix<br \/><b>T\u00e9l. : <\/b>+33 (0)8 20 69 87 65<\/p><p><b>DONN\u00c9ES PERSONNELLES<\/b><\/p><p>Le site <span style=\"color: #59890e;\">https:\/\/augusta.pro\/<\/span> n\u2019est pas d\u00e9clar\u00e9 \u00e0 la CNIL car il ne recueille pas de donn\u00e9es personnelles.<\/p><p><b>PROPRI\u00c9T\u00c9 INTELLECTUELLE<\/b><\/p><p>L\u2019acc\u00e8s au site vous conf\u00e8re un droit d\u2019usage priv\u00e9. L\u2019ensemble des \u00e9l\u00e9ments \u00e9dit\u00e9s sur ce site, incluant notamment les textes, photographies, infographies, logos, marques\u2026 constituent des oeuvres au sens du code de la Propri\u00e9t\u00e9 Intellectuelle. Toute utilisation des Oeuvres autres que la reproduction et la consultation individuelles et priv\u00e9es sont interdites. Sauf autorisation, toute reproduction, rediffusion ou commercialisation totale ou partielle du contenu est interdite.<\/p><p><b>HYPERLIENS ET COOKIES<\/b><\/p><p>Les liens hypertextes mis en place dans le cadre du pr\u00e9sent site Web en direction d\u2019autres ressources pr\u00e9sentes sur le r\u00e9seau Internet ne sauraient engager la responsabilit\u00e9 de la soci\u00e9t\u00e9 Augusta Ing\u00e9nierie.<\/p><p>Lors des visites sur le site , des cookies de navigation peuvent \u00eatre implant\u00e9s dans l\u2019ordinateur des visiteurs. Un cookie ne permet pas d\u2019identifier le visiteur mais il enregistre des informations relatives \u00e0 la navigation de l\u2019ordinateur sur le site. Les donn\u00e9es ainsi obtenues visent \u00e0 faciliter la navigation ult\u00e9rieure sur le site, et ont \u00e9galement vocation \u00e0 permettre diverses mesures de fr\u00e9quentation. L\u2019utilisateur a la possibilit\u00e9 de s\u2019opposer \u00e0 l\u2019enregistrement de cookies en configurant son navigateur Internet en ce sens : Internet Explorer : onglet outil \/ options internet. Cliquer sur Confidentialit\u00e9 et choisir \u00ab Bloquer tous les cookies \u00bb. Firefox : onglet outil \/ pr\u00e9f\u00e9rence. Cliquer sur Vie priv\u00e9e et choisir \u00ab Indiquer aux sites que je ne souhaite pas \u00eatre pist\u00e9 \u00bb. Safari: menu \u00c9dition \/Pr\u00e9f\u00e9rences et s\u00e9lectionner Confidentialit\u00e9. Cliquer sur \u00ab Bloquer les cookies \u00bb. Google Chrome : Outils \/ Param\u00e8tres \/ Param\u00e8tres avanc\u00e9es. Dans Confidentialit\u00e9 cliquer sur Param\u00e8tres de contenu puis sur \u00abBloquer les cookies \u00bb.<\/p><p>Tous les informations propos\u00e9es sur ce site sont donn\u00e9es \u00e0 titre indicatif, sont non exhaustives, et sont susceptibles d\u2019\u00e9voluer. L\u2019utilisateur d\u00e9gage la responsabilit\u00e9 de l\u2019entreprise pour tout pr\u00e9judice qu\u2019il pourrait subir ou faire subir, directement ou indirectement, du fait des services propos\u00e9s. Seule la responsabilit\u00e9 de l\u2019utilisateur est engag\u00e9e par l\u2019utilisation du service propos\u00e9 et celui-ci d\u00e9gage express\u00e9ment le site de toute responsabilit\u00e9 vis \u00e0 vis de tiers.<\/p>\t\t\t\t\t\t<\/div>\n\t\t\t\t<\/div>\n\t\t\t\t\t<\/div>\n\t\t<\/div>\n\t\t\t\t\t\t\t<\/div>\n\t\t<\/section>\n\t\t\t\t\t\t\t<\/div>\n\t\t","protected":false},"excerpt":{"rendered":"<p>Mentions l\u00e9gales Conform\u00e9ment aux dispositions des articles 6-III et 19 de la Loi n\u00b0 2004-575 du 21 juin 2004 pour la Confiance dans l\u2019\u00e9conomie num\u00e9rique, dite L.C.E.N., nous portons \u00e0 la connaissance des utilisateurs et visiteurs du site:\u00a0https:\/\/augusta.pro\/ les informations suivantes : INFORMATIONS L\u00c9GALES : Propri\u00e9taire : Augusta Ing\u00e9nierie (SAS)3 rte d\u2019Astaffort 47130 LAMONTJOIEMail : [&hellip;]<\/p>\n","protected":false},"author":1,"featured_media":0,"parent":0,"menu_order":0,"comment_status":"closed","ping_status":"closed","template":"","meta":{"inline_featured_image":false,"footnotes":""},"acf":[],"_links":{"self":[{"href":"https:\/\/augusta.pro\/nature\/wp-json\/wp\/v2\/pages\/952"}],"collection":[{"href":"https:\/\/augusta.pro\/nature\/wp-json\/wp\/v2\/pages"}],"about":[{"href":"https:\/\/augusta.pro\/nature\/wp-json\/wp\/v2\/types\/page"}],"author":[{"embeddable":true,"href":"https:\/\/augusta.pro\/nature\/wp-json\/wp\/v2\/users\/1"}],"replies":[{"embeddable":true,"href":"https:\/\/augusta.pro\/nature\/wp-json\/wp\/v2\/comments?post=952"}],"version-history":[{"count":24,"href":"https:\/\/augusta.pro\/nature\/wp-json\/wp\/v2\/pages\/952\/revisions"}],"predecessor-version":[{"id":976,"href":"https:\/\/augusta.pro\/nature\/wp-json\/wp\/v2\/pages\/952\/revisions\/976"}],"wp:attachment":[{"href":"https:\/\/augusta.pro\/nature\/wp-json\/wp\/v2\/media?parent=952"}],"curies":[{"name":"wp","href":"https:\/\/api.w.org\/{rel}","templated":true}]}}